{"id":3520,"date":"2025-07-21T09:36:16","date_gmt":"2025-07-21T09:36:16","guid":{"rendered":"https:\/\/www.confiteriasanlorenzo.es\/?page_id=3520"},"modified":"2025-07-21T10:54:41","modified_gmt":"2025-07-21T10:54:41","slug":"tartas-de-bautizos","status":"publish","type":"page","link":"https:\/\/www.confiteriasanlorenzo.es\/?page_id=3520","title":{"rendered":"Tartas de Bautizos"},"content":{"rendered":"<div class='catablog-catalog'><div class=\"catablog-row catablog-gallery\">\r\n\t<a href=\"https:\/\/www.confiteriasanlorenzo.es\/wp-content\/uploads\/catablog\/originals\/thumbnail_IMG_2548.jpg\" class=\"catablog-image\"  >\r\n\t\t<img decoding=\"async\" src=\"https:\/\/www.confiteriasanlorenzo.es\/wp-content\/uploads\/catablog\/thumbnails\/thumbnail_IMG_2548.jpg\" alt=\"\" \/>\r\n\t\t<strong class=\"catablog-title\">TARTA DE BAUTIZO<\/strong>\t\r\n\t<\/a>\r\n\t<div class=\"catablog-description\">Tarta de Bautizo de\u00a0 nata blanca, decorada en rosa para ni\u00f1a.<br \/>\r\n<br \/>\r\n&nbsp;<\/div>\r\n<\/div><div class=\"catablog-row catablog-gallery\">\r\n\t<a href=\"https:\/\/www.confiteriasanlorenzo.es\/wp-content\/uploads\/catablog\/originals\/IMG_9271.JPG\" class=\"catablog-image\"  >\r\n\t\t<img decoding=\"async\" src=\"https:\/\/www.confiteriasanlorenzo.es\/wp-content\/uploads\/catablog\/thumbnails\/IMG_9271.JPG\" alt=\"\" \/>\r\n\t\t<strong class=\"catablog-title\">TARTA DE BAUTIZO<\/strong>\t\r\n\t<\/a>\r\n\t<div class=\"catablog-description\">Tarta de bautizo de yema tostada, rellena mitad de nata y mitad de turr\u00f3n<\/div>\r\n<\/div><div class=\"catablog-row catablog-gallery\">\r\n\t<a href=\"https:\/\/www.confiteriasanlorenzo.es\/wp-content\/uploads\/catablog\/originals\/IMG_7106.JPG\" class=\"catablog-image\"  >\r\n\t\t<img decoding=\"async\" src=\"https:\/\/www.confiteriasanlorenzo.es\/wp-content\/uploads\/catablog\/thumbnails\/IMG_7106.JPG\" alt=\"\" \/>\r\n\t\t<strong class=\"catablog-title\">TARTA DE BAUTIZO<\/strong>\t\r\n\t<\/a>\r\n\t<div class=\"catablog-description\">Tarta de bautizo de nata, rellena de nata y yema y decorada en celeste para ni\u00f1o<\/div>\r\n<\/div><div class=\"catablog-row catablog-gallery\">\r\n\t<a href=\"https:\/\/www.confiteriasanlorenzo.es\/wp-content\/uploads\/catablog\/originals\/thumbnail_IMG_6611.jpg\" class=\"catablog-image\"  >\r\n\t\t<img decoding=\"async\" src=\"https:\/\/www.confiteriasanlorenzo.es\/wp-content\/uploads\/catablog\/thumbnails\/thumbnail_IMG_6611.jpg\" alt=\"\" \/>\r\n\t\t<strong class=\"catablog-title\">TARTA DE BAUTIZO<\/strong>\t\r\n\t<\/a>\r\n\t<div class=\"catablog-description\">Tarta de bautizo de chocolate blanco y nata, personalizada con una foto y decorada en rosa para ni\u00f1a<\/div>\r\n<\/div><div class=\"catablog-row catablog-gallery\">\r\n\t<a href=\"https:\/\/www.confiteriasanlorenzo.es\/wp-content\/uploads\/catablog\/originals\/IMG_8223.JPG\" class=\"catablog-image\"  >\r\n\t\t<img decoding=\"async\" src=\"https:\/\/www.confiteriasanlorenzo.es\/wp-content\/uploads\/catablog\/thumbnails\/IMG_8223.JPG\" alt=\"\" \/>\r\n\t\t<strong class=\"catablog-title\">TARTA DE BAUTIZO<\/strong>\t\r\n\t<\/a>\r\n\t<div class=\"catablog-description\">Tarta de bautizo de yema tostada y trufa, decorada en rosa para ni\u00f1a<\/div>\r\n<\/div><div class=\"catablog-row catablog-gallery\">\r\n\t<a href=\"https:\/\/www.confiteriasanlorenzo.es\/wp-content\/uploads\/catablog\/originals\/thumbnail_IMG_6728.jpg\" class=\"catablog-image\"  >\r\n\t\t<img decoding=\"async\" src=\"https:\/\/www.confiteriasanlorenzo.es\/wp-content\/uploads\/catablog\/thumbnails\/thumbnail_IMG_6728.jpg\" alt=\"\" \/>\r\n\t\t<strong class=\"catablog-title\">TARTA DE BAUTIZO<\/strong>\t\r\n\t<\/a>\r\n\t<div class=\"catablog-description\">Tarta de bautizo de yema tostada y nata, decorada en rosa para ni\u00f1a<\/div>\r\n<\/div><div class=\"catablog-row catablog-gallery\">\r\n\t<a href=\"https:\/\/www.confiteriasanlorenzo.es\/wp-content\/uploads\/catablog\/originals\/thumbnail_IMG_6730.jpg\" class=\"catablog-image\"  >\r\n\t\t<img decoding=\"async\" src=\"https:\/\/www.confiteriasanlorenzo.es\/wp-content\/uploads\/catablog\/thumbnails\/thumbnail_IMG_6730.jpg\" alt=\"\" \/>\r\n\t\t<strong class=\"catablog-title\">TARTA DE BAUTIZO<\/strong>\t\r\n\t<\/a>\r\n\t<div class=\"catablog-description\">Tarta de bautizo decorada en celeste para ni\u00f1o<br \/>\r\n<br \/>\r\n&nbsp;<\/div>\r\n<\/div><div class=\"catablog-row catablog-gallery\">\r\n\t<a href=\"https:\/\/www.confiteriasanlorenzo.es\/wp-content\/uploads\/catablog\/originals\/IMG_9995.JPG\" class=\"catablog-image\"  >\r\n\t\t<img decoding=\"async\" src=\"https:\/\/www.confiteriasanlorenzo.es\/wp-content\/uploads\/catablog\/thumbnails\/IMG_9995.JPG\" alt=\"\" \/>\r\n\t\t<strong class=\"catablog-title\">TARTA DE BAUTIZO<\/strong>\t\r\n\t<\/a>\r\n\t<div class=\"catablog-description\"><\/div>\r\n<\/div><div class=\"catablog-row catablog-gallery\">\r\n\t<a href=\"https:\/\/www.confiteriasanlorenzo.es\/wp-content\/uploads\/catablog\/originals\/IMG_8234.JPG\" class=\"catablog-image\"  >\r\n\t\t<img decoding=\"async\" src=\"https:\/\/www.confiteriasanlorenzo.es\/wp-content\/uploads\/catablog\/thumbnails\/IMG_8234.JPG\" alt=\"\" \/>\r\n\t\t<strong class=\"catablog-title\">TARTA DE BAUTIZO<\/strong>\t\r\n\t<\/a>\r\n\t<div class=\"catablog-description\">Tarta de bautizo de yema tostada y nata, decorada en rosa para ni\u00f1a<\/div>\r\n<\/div><div class=\"catablog-row catablog-gallery\">\r\n\t<a href=\"https:\/\/www.confiteriasanlorenzo.es\/wp-content\/uploads\/catablog\/originals\/IMG_5791.JPG\" class=\"catablog-image\"  >\r\n\t\t<img decoding=\"async\" src=\"https:\/\/www.confiteriasanlorenzo.es\/wp-content\/uploads\/catablog\/thumbnails\/IMG_5791.JPG\" alt=\"\" \/>\r\n\t\t<strong class=\"catablog-title\">TARTA DE BAUTIZO<\/strong>\t\r\n\t<\/a>\r\n\t<div class=\"catablog-description\">Tarta de bautizo de galleta, decorada en rosa y con una cig\u00fce\u00f1a para ni\u00f1a<\/div>\r\n<\/div><div class=\"catablog-row catablog-gallery\">\r\n\t<a href=\"https:\/\/www.confiteriasanlorenzo.es\/wp-content\/uploads\/catablog\/originals\/thumbnail_IMG_6392.jpg\" class=\"catablog-image\"  >\r\n\t\t<img decoding=\"async\" src=\"https:\/\/www.confiteriasanlorenzo.es\/wp-content\/uploads\/catablog\/thumbnails\/thumbnail_IMG_6392.jpg\" alt=\"\" \/>\r\n\t\t<strong class=\"catablog-title\">TARTA DE BAUTIZO<\/strong>\t\r\n\t<\/a>\r\n\t<div class=\"catablog-description\">Tarta para un bautizo personalizada para ni\u00f1o<\/div>\r\n<\/div><div class=\"catablog-row catablog-gallery\">\r\n\t<a href=\"https:\/\/www.confiteriasanlorenzo.es\/wp-content\/uploads\/catablog\/originals\/thumbnail_IMG_4319.jpg\" class=\"catablog-image\"  >\r\n\t\t<img decoding=\"async\" src=\"https:\/\/www.confiteriasanlorenzo.es\/wp-content\/uploads\/catablog\/thumbnails\/thumbnail_IMG_4319.jpg\" alt=\"\" \/>\r\n\t\t<strong class=\"catablog-title\">TARTA DE BAUTIZO<\/strong>\t\r\n\t<\/a>\r\n\t<div class=\"catablog-description\">Tarta de bautizo de nata decorada en celeste para ni\u00f1o<\/div>\r\n<\/div><div class=\"catablog-row catablog-gallery\">\r\n\t<a href=\"https:\/\/www.confiteriasanlorenzo.es\/wp-content\/uploads\/catablog\/originals\/tarta de comuniones (8).JPG\" class=\"catablog-image\"  >\r\n\t\t<img decoding=\"async\" src=\"https:\/\/www.confiteriasanlorenzo.es\/wp-content\/uploads\/catablog\/thumbnails\/tarta de comuniones (8).JPG\" alt=\"\" \/>\r\n\t\t<strong class=\"catablog-title\">TARTA DE BAUTIZO<\/strong>\t\r\n\t<\/a>\r\n\t<div class=\"catablog-description\">Tarta de bautizo de yema tostada rellena de nata, personalizada con la oblea y decorada en rosa para ni\u00f1a<\/div>\r\n<\/div><div class=\"catablog-row catablog-gallery\">\r\n\t<a href=\"https:\/\/www.confiteriasanlorenzo.es\/wp-content\/uploads\/catablog\/originals\/IMG_0528.JPG\" class=\"catablog-image\"  >\r\n\t\t<img decoding=\"async\" src=\"https:\/\/www.confiteriasanlorenzo.es\/wp-content\/uploads\/catablog\/thumbnails\/IMG_0528.JPG\" alt=\"\" \/>\r\n\t\t<strong class=\"catablog-title\">TARTA DE BAUTIZO<\/strong>\t\r\n\t<\/a>\r\n\t<div class=\"catablog-description\">Tarta de bautizo de nata blanca personalizada con la oblea de Mini y rodeada de tocino de cielo<\/div>\r\n<\/div><div class=\"catablog-row catablog-gallery\">\r\n\t<a href=\"https:\/\/www.confiteriasanlorenzo.es\/wp-content\/uploads\/catablog\/originals\/IMG_5728.JPG\" class=\"catablog-image\"  >\r\n\t\t<img decoding=\"async\" src=\"https:\/\/www.confiteriasanlorenzo.es\/wp-content\/uploads\/catablog\/thumbnails\/IMG_5728.JPG\" alt=\"\" \/>\r\n\t\t<strong class=\"catablog-title\">TARTA DE BAUTIZO<\/strong>\t\r\n\t<\/a>\r\n\t<div class=\"catablog-description\">Tarta de 4.5 kg de yema tostada y nata, personalizada con una oblea y una cuna para un bautizo <\/div>\r\n<\/div><div class=\"catablog-row catablog-gallery\">\r\n\t<a href=\"https:\/\/www.confiteriasanlorenzo.es\/wp-content\/uploads\/catablog\/originals\/IMG_5819.JPG\" class=\"catablog-image\"  >\r\n\t\t<img decoding=\"async\" src=\"https:\/\/www.confiteriasanlorenzo.es\/wp-content\/uploads\/catablog\/thumbnails\/IMG_5819.JPG\" alt=\"\" \/>\r\n\t\t<strong class=\"catablog-title\">TARTA DE BAUTIZO<\/strong>\t\r\n\t<\/a>\r\n\t<div class=\"catablog-description\">Tarta de bautizo de nata blanca, rellena de nata y yema, personalizada con la oblea y decorada en rosa para ni\u00f1a<\/div>\r\n<\/div><div class=\"catablog-row catablog-gallery\">\r\n\t<a href=\"https:\/\/www.confiteriasanlorenzo.es\/wp-content\/uploads\/catablog\/originals\/IMG_5824.JPG\" class=\"catablog-image\"  >\r\n\t\t<img decoding=\"async\" src=\"https:\/\/www.confiteriasanlorenzo.es\/wp-content\/uploads\/catablog\/thumbnails\/IMG_5824.JPG\" alt=\"\" \/>\r\n\t\t<strong class=\"catablog-title\">TARTA DE BAUTIZO<\/strong>\t\r\n\t<\/a>\r\n\t<div class=\"catablog-description\">Tarta de bautizo de chocolate espejo, personalizada con una cuna y decorada en rosa para ni\u00f1a<\/div>\r\n<\/div><div class=\"catablog-row catablog-gallery\">\r\n\t<a href=\"https:\/\/www.confiteriasanlorenzo.es\/wp-content\/uploads\/catablog\/originals\/IMG_0352.JPG\" class=\"catablog-image\"  >\r\n\t\t<img decoding=\"async\" src=\"https:\/\/www.confiteriasanlorenzo.es\/wp-content\/uploads\/catablog\/thumbnails\/IMG_0352.JPG\" alt=\"\" \/>\r\n\t\t<strong class=\"catablog-title\">TARTA DE BAUTIZO<\/strong>\t\r\n\t<\/a>\r\n\t<div class=\"catablog-description\">Tarta de bautizo le crema de avellanas y nata, personalizada con foto y decorada en rosa para ni\u00f1a<\/div>\r\n<\/div><div class=\"catablog-row catablog-gallery\">\r\n\t<a href=\"https:\/\/www.confiteriasanlorenzo.es\/wp-content\/uploads\/catablog\/originals\/thumbnail_IMG_4309.jpg\" class=\"catablog-image\"  >\r\n\t\t<img decoding=\"async\" src=\"https:\/\/www.confiteriasanlorenzo.es\/wp-content\/uploads\/catablog\/thumbnails\/thumbnail_IMG_4309.jpg\" alt=\"\" \/>\r\n\t\t<strong class=\"catablog-title\">TARTA DE BAUTIZO<\/strong>\t\r\n\t<\/a>\r\n\t<div class=\"catablog-description\">Tarta de bautizo de nata decorada en celeste para ni\u00f1o<\/div>\r\n<\/div><div class=\"catablog-row catablog-gallery\">\r\n\t<a href=\"https:\/\/www.confiteriasanlorenzo.es\/wp-content\/uploads\/catablog\/originals\/TARTA DE BAUTIZO-2.jpg\" class=\"catablog-image\"  >\r\n\t\t<img decoding=\"async\" src=\"https:\/\/www.confiteriasanlorenzo.es\/wp-content\/uploads\/catablog\/thumbnails\/TARTA DE BAUTIZO-2.jpg\" alt=\"\" \/>\r\n\t\t<strong class=\"catablog-title\">TARTA DE BAUTIZO DE OREO<\/strong>\t\r\n\t<\/a>\r\n\t<div class=\"catablog-description\">Tarta para bautizo de 1 kg de galletas oreo y decorada para ni\u00f1a<\/div>\r\n<\/div><div class=\"catablog-row catablog-gallery\">\r\n\t<a href=\"https:\/\/www.confiteriasanlorenzo.es\/wp-content\/uploads\/catablog\/originals\/TARTA SEBASTIAN BAUTIZO.jpg\" class=\"catablog-image\"  >\r\n\t\t<img decoding=\"async\" src=\"https:\/\/www.confiteriasanlorenzo.es\/wp-content\/uploads\/catablog\/thumbnails\/TARTA SEBASTIAN BAUTIZO.jpg\" alt=\"\" \/>\r\n\t\t<strong class=\"catablog-title\">TARTA DE BAUTIZO<\/strong>\t\r\n\t<\/a>\r\n\t<div class=\"catablog-description\">Tarta de bautizo de 4 kg de nata, decorada en rosa y adornos para ni\u00f1a<\/div>\r\n<\/div><div class=\"catablog-row catablog-gallery\">\r\n\t<a href=\"https:\/\/www.confiteriasanlorenzo.es\/wp-content\/uploads\/catablog\/originals\/TARTA BAUTIZO NATA BLANCA-2.jpg\" class=\"catablog-image\"  >\r\n\t\t<img decoding=\"async\" src=\"https:\/\/www.confiteriasanlorenzo.es\/wp-content\/uploads\/catablog\/thumbnails\/TARTA BAUTIZO NATA BLANCA-2.jpg\" alt=\"\" \/>\r\n\t\t<strong class=\"catablog-title\">TARTA DE BAUTIZO<\/strong>\t\r\n\t<\/a>\r\n\t<div class=\"catablog-description\">Tarta de bautizo de nata, rellena de nata, personalizada con la oblea y decorada en rosa para ni\u00f1a<\/div>\r\n<\/div><div class=\"catablog-row catablog-gallery\">\r\n\t<a href=\"https:\/\/www.confiteriasanlorenzo.es\/wp-content\/uploads\/catablog\/originals\/TARTA BAUTIZO YEMA TOSTADA Y NATA-2.jpg\" class=\"catablog-image\"  >\r\n\t\t<img decoding=\"async\" src=\"https:\/\/www.confiteriasanlorenzo.es\/wp-content\/uploads\/catablog\/thumbnails\/TARTA BAUTIZO YEMA TOSTADA Y NATA-2.jpg\" alt=\"\" \/>\r\n\t\t<strong class=\"catablog-title\">TARTA DE BAUTIZO<\/strong>\t\r\n\t<\/a>\r\n\t<div class=\"catablog-description\">Tarta de bautizo de yema tostada, rellena de nata y personalizada con la oblea <\/div>\r\n<\/div><div class=\"catablog-row catablog-gallery\">\r\n\t<a href=\"https:\/\/www.confiteriasanlorenzo.es\/wp-content\/uploads\/catablog\/originals\/TARTA BAUTIZO GALLETA Y KITKAT.JPG\" class=\"catablog-image\"  >\r\n\t\t<img decoding=\"async\" src=\"https:\/\/www.confiteriasanlorenzo.es\/wp-content\/uploads\/catablog\/thumbnails\/TARTA BAUTIZO GALLETA Y KITKAT.JPG\" alt=\"\" \/>\r\n\t\t<strong class=\"catablog-title\">TARTA DE BAUTIZO<\/strong>\t\r\n\t<\/a>\r\n\t<div class=\"catablog-description\">Tarta de bautizo de 5 kg mitad de galleta mitad de kitkat, adornada en celeste y rosa para ni\u00f1o y ni\u00f1a<\/div>\r\n<\/div><div class=\"catablog-row catablog-gallery\">\r\n\t<a href=\"https:\/\/www.confiteriasanlorenzo.es\/wp-content\/uploads\/catablog\/originals\/tarta de comuniones (6).JPG\" class=\"catablog-image\"  >\r\n\t\t<img decoding=\"async\" src=\"https:\/\/www.confiteriasanlorenzo.es\/wp-content\/uploads\/catablog\/thumbnails\/tarta de comuniones (6).JPG\" alt=\"\" \/>\r\n\t\t<strong class=\"catablog-title\">TARTA DE BAUTIZO Y COMUNI\u00d3N<\/strong>\t\r\n\t<\/a>\r\n\t<div class=\"catablog-description\">Tarta mitad de yema tostada rellena de nata, decorada en rosa para ni\u00f1a y mitad de trufa decorada en celeste para ni\u00f1o<\/div>\r\n<\/div><div class=\"catablog-row catablog-gallery\">\r\n\t<a href=\"https:\/\/www.confiteriasanlorenzo.es\/wp-content\/uploads\/catablog\/originals\/TARTA DE BAUTIZO.JPG\" class=\"catablog-image\"  >\r\n\t\t<img decoding=\"async\" src=\"https:\/\/www.confiteriasanlorenzo.es\/wp-content\/uploads\/catablog\/thumbnails\/TARTA DE BAUTIZO.JPG\" alt=\"\" \/>\r\n\t\t<strong class=\"catablog-title\">TARTA DE BAUTIZO<\/strong>\t\r\n\t<\/a>\r\n\t<div class=\"catablog-description\">Tarta de 1 kg de yema tostada, rellena de nata decorada con motivos infantiles para un bautizo<\/div>\r\n<\/div><div class=\"catablog-row catablog-gallery\">\r\n\t<a href=\"https:\/\/www.confiteriasanlorenzo.es\/wp-content\/uploads\/catablog\/originals\/IMG_4701.JPG\" class=\"catablog-image\"  >\r\n\t\t<img decoding=\"async\" src=\"https:\/\/www.confiteriasanlorenzo.es\/wp-content\/uploads\/catablog\/thumbnails\/IMG_4701.JPG\" alt=\"\" \/>\r\n\t\t<strong class=\"catablog-title\">TARTA DE COMUNI\u00d3N Y BAUTIZO<\/strong>\t\r\n\t<\/a>\r\n\t<div class=\"catablog-description\">Tarta de comuni\u00f3n y bautizo massini, decorada en rosa para ni\u00f1a.<\/div>\r\n<\/div><div class=\"catablog-row catablog-gallery\">\r\n\t<a href=\"https:\/\/www.confiteriasanlorenzo.es\/wp-content\/uploads\/catablog\/originals\/IMG_5208.JPG\" class=\"catablog-image\"  >\r\n\t\t<img decoding=\"async\" src=\"https:\/\/www.confiteriasanlorenzo.es\/wp-content\/uploads\/catablog\/thumbnails\/IMG_5208.JPG\" alt=\"\" \/>\r\n\t\t<strong class=\"catablog-title\">TARTA DE BAUTIZO<\/strong>\t\r\n\t<\/a>\r\n\t<div class=\"catablog-description\">Tarta de bautizo de  7 pisos de yema tostada y nata decorada en rosa para ni\u00f1a<\/div>\r\n<\/div><div class=\"catablog-row catablog-gallery\">\r\n\t<a href=\"https:\/\/www.confiteriasanlorenzo.es\/wp-content\/uploads\/catablog\/originals\/IMG_7096.JPG\" class=\"catablog-image\"  >\r\n\t\t<img decoding=\"async\" src=\"https:\/\/www.confiteriasanlorenzo.es\/wp-content\/uploads\/catablog\/thumbnails\/IMG_7096.JPG\" alt=\"\" \/>\r\n\t\t<strong class=\"catablog-title\">TARTA DE BAUTIZO<\/strong>\t\r\n\t<\/a>\r\n\t<div class=\"catablog-description\">Tarta de yema y nata, decorada en rosa para ni\u00f1a<\/div>\r\n<\/div><div class=\"catablog-row catablog-gallery\">\r\n\t<a href=\"https:\/\/www.confiteriasanlorenzo.es\/wp-content\/uploads\/catablog\/originals\/IMG_7191.JPG\" class=\"catablog-image\"  >\r\n\t\t<img decoding=\"async\" src=\"https:\/\/www.confiteriasanlorenzo.es\/wp-content\/uploads\/catablog\/thumbnails\/IMG_7191.JPG\" alt=\"\" \/>\r\n\t\t<strong class=\"catablog-title\">TARTA DE BAUTIZO<\/strong>\t\r\n\t<\/a>\r\n\t<div class=\"catablog-description\">Tarta de bautizo de nata blanca decorada en celeste para ni\u00f1o<\/div>\r\n<\/div><div class=\"catablog-row catablog-gallery\">\r\n\t<a href=\"https:\/\/www.confiteriasanlorenzo.es\/wp-content\/uploads\/catablog\/originals\/IMG_7685.JPG\" class=\"catablog-image\"  >\r\n\t\t<img decoding=\"async\" src=\"https:\/\/www.confiteriasanlorenzo.es\/wp-content\/uploads\/catablog\/thumbnails\/IMG_7685.JPG\" alt=\"\" \/>\r\n\t\t<strong class=\"catablog-title\">TARTA DE BAUTIZO<\/strong>\t\r\n\t<\/a>\r\n\t<div class=\"catablog-description\">Tarta de bautizo de nata, rellena de yema y nata, decorada en rosa para ni\u00f1a<\/div>\r\n<\/div><div class=\"catablog-row catablog-gallery\">\r\n\t<a href=\"https:\/\/www.confiteriasanlorenzo.es\/wp-content\/uploads\/catablog\/originals\/TARTA BAUTIZO MELKY (1).jpg\" class=\"catablog-image\"  >\r\n\t\t<img decoding=\"async\" src=\"https:\/\/www.confiteriasanlorenzo.es\/wp-content\/uploads\/catablog\/thumbnails\/TARTA BAUTIZO MELKY (1).jpg\" alt=\"\" \/>\r\n\t\t<strong class=\"catablog-title\">TARTA DE BAUTIZO<\/strong>\t\r\n\t<\/a>\r\n\t<div class=\"catablog-description\">Tarta de bautizo de nata, personalizada con el detalle del osito y decorada en rosa para ni\u00f1a<\/div>\r\n<\/div><div class=\"catablog-row catablog-gallery\">\r\n\t<a href=\"https:\/\/www.confiteriasanlorenzo.es\/wp-content\/uploads\/catablog\/originals\/TARTA BAUTIZO CARLOINA3.jpg\" class=\"catablog-image\"  >\r\n\t\t<img decoding=\"async\" src=\"https:\/\/www.confiteriasanlorenzo.es\/wp-content\/uploads\/catablog\/thumbnails\/TARTA BAUTIZO CARLOINA3.jpg\" alt=\"\" \/>\r\n\t\t<strong class=\"catablog-title\">TARTA BAUTIZO CAROLINA<\/strong>\t\r\n\t<\/a>\r\n\t<div class=\"catablog-description\"><pre>TARTA BAUTIZO CAROLINA DE NATA ROSA<br \/>\r\nY ADORNO DE FIGURA DE FONDANT<\/pre><\/div>\r\n<\/div><div class=\"catablog-row catablog-gallery\">\r\n\t<a href=\"https:\/\/www.confiteriasanlorenzo.es\/wp-content\/uploads\/catablog\/originals\/IMG_8279.JPG\" class=\"catablog-image\"  >\r\n\t\t<img decoding=\"async\" src=\"https:\/\/www.confiteriasanlorenzo.es\/wp-content\/uploads\/catablog\/thumbnails\/IMG_8279.JPG\" alt=\"\" \/>\r\n\t\t<strong class=\"catablog-title\">TARTA DE BAUTIZO<\/strong>\t\r\n\t<\/a>\r\n\t<div class=\"catablog-description\">Tarta de bautizo de nata y vainilla, decorada en rosa para ni\u00f1a<\/div>\r\n<\/div><div class=\"catablog-row catablog-gallery\">\r\n\t<a href=\"https:\/\/www.confiteriasanlorenzo.es\/wp-content\/uploads\/catablog\/originals\/IMG_9048.JPG\" class=\"catablog-image\"  >\r\n\t\t<img decoding=\"async\" src=\"https:\/\/www.confiteriasanlorenzo.es\/wp-content\/uploads\/catablog\/thumbnails\/IMG_9048.JPG\" alt=\"\" \/>\r\n\t\t<strong class=\"catablog-title\">TARTA DE BAUTIZO<\/strong>\t\r\n\t<\/a>\r\n\t<div class=\"catablog-description\">Tarta de bautizo de 3.5 kg de nata, rellena de yema y nata, decorada en rosa para ni\u00f1a<\/div>\r\n<\/div><div class=\"catablog-row catablog-gallery\">\r\n\t<a href=\"https:\/\/www.confiteriasanlorenzo.es\/wp-content\/uploads\/catablog\/originals\/TARTA BAUTIZO CHOCOLATE Y TRUFA.-2.jpg\" class=\"catablog-image\"  >\r\n\t\t<img decoding=\"async\" src=\"https:\/\/www.confiteriasanlorenzo.es\/wp-content\/uploads\/catablog\/thumbnails\/TARTA BAUTIZO CHOCOLATE Y TRUFA.-2.jpg\" alt=\"\" \/>\r\n\t\t<strong class=\"catablog-title\">TARTA BAUTIZO<\/strong>\t\r\n\t<\/a>\r\n\t<div class=\"catablog-description\">Tarta de  bautizo de chocolate y trufa con oblea y personalizada para ni\u00f1o<\/div>\r\n<\/div><div class=\"catablog-row catablog-gallery\">\r\n\t<a href=\"https:\/\/www.confiteriasanlorenzo.es\/wp-content\/uploads\/catablog\/originals\/IMG_0020.JPG\" class=\"catablog-image\"  >\r\n\t\t<img decoding=\"async\" src=\"https:\/\/www.confiteriasanlorenzo.es\/wp-content\/uploads\/catablog\/thumbnails\/IMG_0020.JPG\" alt=\"\" \/>\r\n\t\t<strong class=\"catablog-title\">TARTA DE BAUTIZO<\/strong>\t\r\n\t<\/a>\r\n\t<div class=\"catablog-description\">Tarta de bautizo de yema tostada y nata, decorada en rosa para ni\u00f1a<\/div>\r\n<\/div><div class=\"catablog-row catablog-gallery\">\r\n\t<a href=\"https:\/\/www.confiteriasanlorenzo.es\/wp-content\/uploads\/catablog\/originals\/IMG_9988.JPG\" class=\"catablog-image\"  >\r\n\t\t<img decoding=\"async\" src=\"https:\/\/www.confiteriasanlorenzo.es\/wp-content\/uploads\/catablog\/thumbnails\/IMG_9988.JPG\" alt=\"\" \/>\r\n\t\t<strong class=\"catablog-title\">TARTA DE BAUTIZO<\/strong>\t\r\n\t<\/a>\r\n\t<div class=\"catablog-description\"><\/div>\r\n<\/div><div class=\"catablog-row catablog-gallery\">\r\n\t<a href=\"https:\/\/www.confiteriasanlorenzo.es\/wp-content\/uploads\/catablog\/originals\/IMG_0352.JPG\" class=\"catablog-image\"  >\r\n\t\t<img decoding=\"async\" src=\"https:\/\/www.confiteriasanlorenzo.es\/wp-content\/uploads\/catablog\/thumbnails\/IMG_0352.JPG\" alt=\"\" \/>\r\n\t\t<strong class=\"catablog-title\">TARTA DE BAUTIZO<\/strong>\t\r\n\t<\/a>\r\n\t<div class=\"catablog-description\">Tarta de bautizo le crema de avellanas y nata, personalizada con foto y decorada en rosa para ni\u00f1a<\/div>\r\n<\/div><div class=\"catablog-row catablog-gallery\">\r\n\t<a href=\"https:\/\/www.confiteriasanlorenzo.es\/wp-content\/uploads\/catablog\/originals\/1 (2).JPG\" class=\"catablog-image\"  >\r\n\t\t<img decoding=\"async\" src=\"https:\/\/www.confiteriasanlorenzo.es\/wp-content\/uploads\/catablog\/thumbnails\/1 (2).JPG\" alt=\"\" \/>\r\n\t\t<strong class=\"catablog-title\">TARTA DE BAUTIZO<\/strong>\t\r\n\t<\/a>\r\n\t<div class=\"catablog-description\">Tarta de bautizo de nata, personalizada con foto y decorada en celeste para ni\u00f1o<\/div>\r\n<\/div><\/div><div class='catablog-navigation'><span class='catablog-navigation-link catablog-first-page-link catablog-disabled'>anterior<\/span> <\/div>\n","protected":false},"excerpt":{"rendered":"","protected":false},"author":1,"featured_media":0,"parent":0,"menu_order":0,"comment_status":"closed","ping_status":"closed","template":"","meta":{"footnotes":""},"class_list":["post-3520","page","type-page","status-publish","hentry"],"_links":{"self":[{"href":"https:\/\/www.confiteriasanlorenzo.es\/index.php?rest_route=\/wp\/v2\/pages\/3520","targetHints":{"allow":["GET"]}}],"collection":[{"href":"https:\/\/www.confiteriasanlorenzo.es\/index.php?rest_route=\/wp\/v2\/pages"}],"about":[{"href":"https:\/\/www.confiteriasanlorenzo.es\/index.php?rest_route=\/wp\/v2\/types\/page"}],"author":[{"embeddable":true,"href":"https:\/\/www.confiteriasanlorenzo.es\/index.php?rest_route=\/wp\/v2\/users\/1"}],"replies":[{"embeddable":true,"href":"https:\/\/www.confiteriasanlorenzo.es\/index.php?rest_route=%2Fwp%2Fv2%2Fcomments&post=3520"}],"version-history":[{"count":2,"href":"https:\/\/www.confiteriasanlorenzo.es\/index.php?rest_route=\/wp\/v2\/pages\/3520\/revisions"}],"predecessor-version":[{"id":3524,"href":"https:\/\/www.confiteriasanlorenzo.es\/index.php?rest_route=\/wp\/v2\/pages\/3520\/revisions\/3524"}],"wp:attachment":[{"href":"https:\/\/www.confiteriasanlorenzo.es\/index.php?rest_route=%2Fwp%2Fv2%2Fmedia&parent=3520"}],"curies":[{"name":"wp","href":"https:\/\/api.w.org\/{rel}","templated":true}]}}